{"id":1001,"date":"2026-03-11T18:34:46","date_gmt":"2026-03-11T15:34:46","guid":{"rendered":"https:\/\/cantayglobal.com\/?page_id=1001"},"modified":"2026-03-14T18:17:13","modified_gmt":"2026-03-14T15:17:13","slug":"about-us","status":"publish","type":"page","link":"https:\/\/cantayglobal.com\/en\/hakkimizda\/","title":{"rendered":"about us"},"content":{"rendered":"<div data-elementor-type=\"wp-page\" data-elementor-id=\"1001\" class=\"elementor elementor-1001\" data-elementor-post-type=\"page\">\n\t\t\t\t<div class=\"elementor-element elementor-element-0acc2ec e-flex e-con-boxed e-con e-parent\" data-id=\"0acc2ec\" data-element_type=\"container\" data-e-type=\"container\" data-settings=\"{&quot;background_background&quot;:&quot;classic&quot;}\">\n\t\t\t\t\t<div class=\"e-con-inner\">\n\t\t\t\t<div class=\"elementor-element elementor-element-7f32178 elementor-absolute elementor-widget elementor-widget-image\" data-id=\"7f32178\" data-element_type=\"widget\" data-e-type=\"widget\" data-settings=\"{&quot;_position&quot;:&quot;absolute&quot;}\" data-widget_type=\"image.default\">\n\t\t\t\t\t\t\t\t\t\t\t\t\t\t\t<img decoding=\"async\" width=\"105\" height=\"221\" src=\"https:\/\/cantayglobal.com\/wp-content\/uploads\/2025\/03\/decoration-1.svg\" class=\"attachment-full size-full wp-image-671\" alt=\"\" \/>\t\t\t\t\t\t\t\t\t\t\t\t\t\t\t<\/div>\n\t\t<div class=\"elementor-element elementor-element-76e86f8 e-con-full e-flex e-con e-child\" data-id=\"76e86f8\" data-element_type=\"container\" data-e-type=\"container\">\n\t\t\t\t<div class=\"elementor-element elementor-element-db59d93 elementor-widget elementor-widget-text-editor\" data-id=\"db59d93\" data-element_type=\"widget\" data-e-type=\"widget\" data-widget_type=\"text-editor.default\">\n\t\t\t\t\t\t\t\t\t<p data-start=\"469\" data-end=\"680\">Our corporate structure, which has been operating at the same address since 2015, is a concrete demonstration of our commitment to reliability and stability.<\/p><p data-start=\"469\" data-end=\"680\">Cantay Global is a Turkey-based commercial brokerage and matchmaking startup. Our goal is to accelerate the commercial process by bringing producers and buyers together through a reliable, transparent, and results-oriented model.<\/p><p data-start=\"682\" data-end=\"1056\">Our company is built on corporate operations conducted at the same address since 2015, a stable business structure, and a technology-focused approach. Despite volatile market conditions, we view our long-standing operations not merely as historical fact, but as a testament to our corporate reliability and long-term business discipline.<\/p><p data-start=\"1058\" data-end=\"1406\">Behind Cantay Global lies not only a business network but also an experienced foundation knowledgeable in manufacturing, technology, and product development. The fact that we manufacture our own patented 3D printers under the Deha 3D brand strengthens our technical capabilities and our understanding of industry dynamics.<\/p><p data-start=\"1408\" data-end=\"1749\">This allows us to better understand the operational realities of the manufacturer, the expectations of the buyer, and the right balance that needs to be struck between the two parties. Cantay Global positions itself not as a party to the sales contract, but as a neutral commercial bridge that helps establish the right connection, builds trust, and facilitates the process.<\/p>\t\t\t\t\t\t\t\t<\/div>\n\t\t\t\t<div class=\"elementor-element elementor-element-d80ee81 elementor-widget elementor-widget-heading\" data-id=\"d80ee81\" data-element_type=\"widget\" data-e-type=\"widget\" data-widget_type=\"heading.default\">\n\t\t\t\t\t<h2 class=\"elementor-heading-title elementor-size-default\">About Cantay Global<\/h2>\t\t\t\t<\/div>\n\t\t\t\t<\/div>\n\t\t\t\t<div class=\"elementor-element elementor-element-781bf94 elementor-absolute elementor-widget elementor-widget-image\" data-id=\"781bf94\" data-element_type=\"widget\" data-e-type=\"widget\" data-settings=\"{&quot;_position&quot;:&quot;absolute&quot;}\" data-widget_type=\"image.default\">\n\t\t\t\t\t\t\t\t\t\t\t\t\t\t\t<img decoding=\"async\" width=\"105\" height=\"221\" src=\"https:\/\/cantayglobal.com\/wp-content\/uploads\/2025\/03\/decoration-2.svg\" class=\"attachment-full size-full wp-image-682\" alt=\"\" \/>\t\t\t\t\t\t\t\t\t\t\t\t\t\t\t<\/div>\n\t\t\t\t\t<\/div>\n\t\t\t\t<\/div>\n\t\t<div class=\"elementor-element elementor-element-0b522bb e-grid e-con-boxed e-con e-parent\" data-id=\"0b522bb\" data-element_type=\"container\" data-e-type=\"container\">\n\t\t\t\t\t<div class=\"e-con-inner\">\n\t\t<div class=\"elementor-element elementor-element-5035bbf e-con-full e-flex e-con e-child\" data-id=\"5035bbf\" data-element_type=\"container\" data-e-type=\"container\">\n\t\t\t\t<div class=\"elementor-element elementor-element-ba5429e elementor-widget elementor-widget-heading\" data-id=\"ba5429e\" data-element_type=\"widget\" data-e-type=\"widget\" data-widget_type=\"heading.default\">\n\t\t\t\t\t<h2 class=\"elementor-heading-title elementor-size-default\">Our approach<\/h2>\t\t\t\t<\/div>\n\t\t\t\t<div class=\"elementor-element elementor-element-edaeb08 elementor-widget elementor-widget-text-editor\" data-id=\"edaeb08\" data-element_type=\"widget\" data-e-type=\"widget\" data-widget_type=\"text-editor.default\">\n\t\t\t\t\t\t\t\t\t<p>Our approach is not just to introduce parties; it&#039;s to provide a structure that fosters trust, facilitates the process, and contributes to establishing the right match.\u00a0<\/p><p>Cantay Global positions itself not as a party to the sales contract, but as a neutral commercial bridge that helps establish the right connection between the manufacturer and the buyer.<\/p>\t\t\t\t\t\t\t\t<\/div>\n\t\t\t\t<\/div>\n\t\t<div class=\"elementor-element elementor-element-5eda3a3 e-con-full e-flex e-con e-child\" data-id=\"5eda3a3\" data-element_type=\"container\" data-e-type=\"container\" data-settings=\"{&quot;background_background&quot;:&quot;classic&quot;}\">\n\t\t\t\t<div class=\"elementor-element elementor-element-9a91ae1 elementor-position-top elementor-widget__width-initial elementor-position-top elementor-widget elementor-widget-image-box\" data-id=\"9a91ae1\" data-element_type=\"widget\" data-e-type=\"widget\" data-widget_type=\"image-box.default\">\n\t\t\t\t\t<div class=\"elementor-image-box-wrapper\"><figure class=\"elementor-image-box-img\"><img decoding=\"async\" width=\"330\" height=\"69\" src=\"https:\/\/cantayglobal.com\/wp-content\/uploads\/2026\/03\/cantay_muh_logo_ufak.png\" class=\"attachment-full size-full wp-image-1003\" alt=\"\" srcset=\"https:\/\/cantayglobal.com\/wp-content\/uploads\/2026\/03\/cantay_muh_logo_ufak.png 330w, https:\/\/cantayglobal.com\/wp-content\/uploads\/2026\/03\/cantay_muh_logo_ufak-300x63.png 300w\" sizes=\"(max-width: 330px) 100vw, 330px\" \/><\/figure><\/div>\t\t\t\t<\/div>\n\t\t\t\t<div class=\"elementor-element elementor-element-c2137ba elementor-widget elementor-widget-text-editor\" data-id=\"c2137ba\" data-element_type=\"widget\" data-e-type=\"widget\" data-widget_type=\"text-editor.default\">\n\t\t\t\t\t\t\t\t\t<p>Our corporate operations, conducted at the same address since 2015, demonstrate continuity and reliability as a natural consequence of our business practices.<\/p>\t\t\t\t\t\t\t\t<\/div>\n\t\t\t\t<\/div>\n\t\t\t\t\t<\/div>\n\t\t\t\t<\/div>\n\t\t<div class=\"elementor-element elementor-element-5b2b9c0 e-flex e-con-boxed e-con e-parent\" data-id=\"5b2b9c0\" data-element_type=\"container\" data-e-type=\"container\" data-settings=\"{&quot;background_background&quot;:&quot;classic&quot;}\">\n\t\t\t\t\t<div class=\"e-con-inner\">\n\t\t<div class=\"elementor-element elementor-element-7941b29 e-con-full e-flex e-con e-child\" data-id=\"7941b29\" data-element_type=\"container\" data-e-type=\"container\">\n\t\t<div class=\"elementor-element elementor-element-2423a83 e-con-full e-flex e-con e-child\" data-id=\"2423a83\" data-element_type=\"container\" data-e-type=\"container\">\n\t\t\t\t<div class=\"elementor-element elementor-element-df669f0 elementor-widget__width-initial elementor-widget elementor-widget-heading\" data-id=\"df669f0\" data-element_type=\"widget\" data-e-type=\"widget\" data-widget_type=\"heading.default\">\n\t\t\t\t\t<h3 class=\"elementor-heading-title elementor-size-default\">Why Cantay Global?<\/h3>\t\t\t\t<\/div>\n\t\t\t\t<\/div>\n\t\t\t\t<\/div>\n\t\t<div class=\"elementor-element elementor-element-8326d82 e-grid e-con-full e-con e-child\" data-id=\"8326d82\" data-element_type=\"container\" data-e-type=\"container\">\n\t\t<div class=\"elementor-element elementor-element-f859a96 e-con-full e-flex e-con e-child\" data-id=\"f859a96\" data-element_type=\"container\" data-e-type=\"container\">\n\t\t\t\t<div class=\"elementor-element elementor-element-2f8d602 elementor-widget elementor-widget-heading\" data-id=\"2f8d602\" data-element_type=\"widget\" data-e-type=\"widget\" data-widget_type=\"heading.default\">\n\t\t\t\t\t<h2 class=\"elementor-heading-title elementor-size-default\">01<\/h2>\t\t\t\t<\/div>\n\t\t\t\t<div class=\"elementor-element elementor-element-74b07a7 elementor-widget elementor-widget-heading\" data-id=\"74b07a7\" data-element_type=\"widget\" data-e-type=\"widget\" data-widget_type=\"heading.default\">\n\t\t\t\t\t<h4 class=\"elementor-heading-title elementor-size-default\">Continuity\n<\/h4>\t\t\t\t<\/div>\n\t\t\t\t<div class=\"elementor-element elementor-element-1318e2b elementor-widget elementor-widget-text-editor\" data-id=\"1318e2b\" data-element_type=\"widget\" data-e-type=\"widget\" data-widget_type=\"text-editor.default\">\n\t\t\t\t\t\t\t\t\t<p data-start=\"3446\" data-end=\"3559\">Our corporate operations, which have been conducted at the same address since 2015, reflect our business approach based on stability and trust.<\/p>\t\t\t\t\t\t\t\t<\/div>\n\t\t\t\t<\/div>\n\t\t<div class=\"elementor-element elementor-element-4f9d102 e-con-full e-flex e-con e-child\" data-id=\"4f9d102\" data-element_type=\"container\" data-e-type=\"container\">\n\t\t<div class=\"elementor-element elementor-element-558bcbb e-con-full e-flex e-con e-child\" data-id=\"558bcbb\" data-element_type=\"container\" data-e-type=\"container\">\n\t\t<div class=\"elementor-element elementor-element-dc721da e-con-full e-flex e-con e-child\" data-id=\"dc721da\" data-element_type=\"container\" data-e-type=\"container\">\n\t\t\t\t<div class=\"elementor-element elementor-element-f7506e8 elementor-widget elementor-widget-heading\" data-id=\"f7506e8\" data-element_type=\"widget\" data-e-type=\"widget\" data-widget_type=\"heading.default\">\n\t\t\t\t\t<h2 class=\"elementor-heading-title elementor-size-default\">02<\/h2>\t\t\t\t<\/div>\n\t\t\t\t<div class=\"elementor-element elementor-element-77cb974 elementor-widget elementor-widget-heading\" data-id=\"77cb974\" data-element_type=\"widget\" data-e-type=\"widget\" data-widget_type=\"heading.default\">\n\t\t\t\t\t<h4 class=\"elementor-heading-title elementor-size-default\">Impartial Mediation<\/h4>\t\t\t\t<\/div>\n\t\t\t\t<div class=\"elementor-element elementor-element-47b7b75 elementor-widget elementor-widget-text-editor\" data-id=\"47b7b75\" data-element_type=\"widget\" data-e-type=\"widget\" data-widget_type=\"text-editor.default\">\n\t\t\t\t\t\t\t\t\t<p data-start=\"3561\" data-end=\"3676\">Without being a party to the sale, we offer a professional matching model that helps establish the right connection between the manufacturer and the buyer.<\/p>\t\t\t\t\t\t\t\t<\/div>\n\t\t\t\t<\/div>\n\t\t<div class=\"elementor-element elementor-element-f2b8bd7 e-con-full e-flex e-con e-child\" data-id=\"f2b8bd7\" data-element_type=\"container\" data-e-type=\"container\">\n\t\t\t\t<div class=\"elementor-element elementor-element-77f1469 elementor-widget elementor-widget-heading\" data-id=\"77f1469\" data-element_type=\"widget\" data-e-type=\"widget\" data-widget_type=\"heading.default\">\n\t\t\t\t\t<h2 class=\"elementor-heading-title elementor-size-default\">03<\/h2>\t\t\t\t<\/div>\n\t\t\t\t<div class=\"elementor-element elementor-element-bbdcafe elementor-widget elementor-widget-heading\" data-id=\"bbdcafe\" data-element_type=\"widget\" data-e-type=\"widget\" data-widget_type=\"heading.default\">\n\t\t\t\t\t<h4 class=\"elementor-heading-title elementor-size-default\">Technology and Production Competence<\/h4>\t\t\t\t<\/div>\n\t\t\t\t<div class=\"elementor-element elementor-element-7d6abc1 elementor-widget elementor-widget-text-editor\" data-id=\"7d6abc1\" data-element_type=\"widget\" data-e-type=\"widget\" data-widget_type=\"text-editor.default\">\n\t\t\t\t\t\t\t\t\t<p>Our manufacturing activities under the Deha 3D brand strengthen our technical infrastructure and our understanding of industry dynamics.<\/p>\t\t\t\t\t\t\t\t<\/div>\n\t\t\t\t<\/div>\n\t\t\t\t<\/div>\n\t\t\t\t<\/div>\n\t\t\t\t<\/div>\n\t\t\t\t<div class=\"elementor-element elementor-element-a1d0997 elementor-absolute elementor-widget elementor-widget-image\" data-id=\"a1d0997\" data-element_type=\"widget\" data-e-type=\"widget\" data-settings=\"{&quot;_position&quot;:&quot;absolute&quot;}\" data-widget_type=\"image.default\">\n\t\t\t\t\t\t\t\t\t\t\t\t\t\t\t<img decoding=\"async\" width=\"105\" height=\"221\" src=\"https:\/\/cantayglobal.com\/wp-content\/uploads\/2025\/03\/decoration-2.svg\" class=\"attachment-full size-full wp-image-682\" alt=\"\" \/>\t\t\t\t\t\t\t\t\t\t\t\t\t\t\t<\/div>\n\t\t<div class=\"elementor-element elementor-element-384a50a e-con-full e-flex e-con e-child\" data-id=\"384a50a\" data-element_type=\"container\" data-e-type=\"container\">\n\t\t\t\t<div class=\"elementor-element elementor-element-73fa87a elementor-widget elementor-widget-heading\" data-id=\"73fa87a\" data-element_type=\"widget\" data-e-type=\"widget\" data-widget_type=\"heading.default\">\n\t\t\t\t\t<h1 class=\"elementor-heading-title elementor-size-default\">Our Technology and Commercial Infrastructure<\/h1>\t\t\t\t<\/div>\n\t\t\t\t<div class=\"elementor-element elementor-element-8fb529b elementor-widget__width-initial elementor-widget elementor-widget-text-editor\" data-id=\"8fb529b\" data-element_type=\"widget\" data-e-type=\"widget\" data-widget_type=\"text-editor.default\">\n\t\t\t\t\t\t\t\t\t<p data-start=\"309\" data-end=\"443\">Cantay Global is not just a platform for establishing commercial connections; it is based on an infrastructure that has a close understanding of the production and technology sides.<\/p><p data-start=\"445\" data-end=\"655\">Our company structure, which has been operating since 2015, has gained strong operational experience in various fields, production processes, product quality, and supply chain management through the projects we have undertaken.<\/p><p data-start=\"657\" data-end=\"907\">Operating in the field of 3D printing technologies <strong data-start=\"707\" data-end=\"718\">Genius 3D<\/strong> Our brand and the technology products we trade <strong data-start=\"770\" data-end=\"790\">3D Printer Market<\/strong> The industry knowledge we gain through our platform helps create the right matches between producers and buyers.<\/p><p data-start=\"909\" data-end=\"1090\">Thanks to this infrastructure, Cantay Global positions itself not just as a connecting intermediary, but as a business matching platform that understands production realities and guides the process correctly.<\/p><p><a href=\"http:\/\/deha3d.com.tr\" target=\"_blank\" rel=\"noopener\">deha3d.com.tr<\/a><\/p><p><a href=\"http:\/\/www.3dyazicimarket.com.tr\" target=\"_blank\" rel=\"noopener\">3dyazicimarket.com.tr<\/a><\/p><p>\u00a0<\/p>\t\t\t\t\t\t\t\t<\/div>\n\t\t\t\t<\/div>\n\t\t\t\t\t<\/div>\n\t\t\t\t<\/div>\n\t\t<div class=\"elementor-element elementor-element-87de756 e-con-full e-flex e-con e-parent\" data-id=\"87de756\" data-element_type=\"container\" data-e-type=\"container\">\n\t\t<div class=\"elementor-element elementor-element-2b76d09 e-con-full e-flex e-con e-child\" data-id=\"2b76d09\" data-element_type=\"container\" data-e-type=\"container\">\n\t\t<div class=\"elementor-element elementor-element-058dea4 e-con-full e-flex e-con e-child\" data-id=\"058dea4\" data-element_type=\"container\" data-e-type=\"container\">\n\t\t\t\t<div class=\"elementor-element elementor-element-93e5d89 elementor-widget__width-initial elementor-widget elementor-widget-heading\" data-id=\"93e5d89\" data-element_type=\"widget\" data-e-type=\"widget\" data-widget_type=\"heading.default\">\n\t\t\t\t\t<h1 class=\"elementor-heading-title elementor-size-default\">Our principles<\/h1>\t\t\t\t<\/div>\n\t\t\t\t<\/div>\n\t\t<div class=\"elementor-element elementor-element-4597430 e-con-full e-flex e-con e-child\" data-id=\"4597430\" data-element_type=\"container\" data-e-type=\"container\">\n\t\t\t\t<div class=\"elementor-element elementor-element-e63cd39 elementor-widget elementor-widget-text-editor\" data-id=\"e63cd39\" data-element_type=\"widget\" data-e-type=\"widget\" data-widget_type=\"text-editor.default\">\n\t\t\t\t\t\t\t\t\t<p>Cantay Global operates with principles of transparency, confidentiality, and impartiality while bringing together producers and buyers. Our working model is based on a trustworthy approach that simplifies the process and proceeds within a professional framework.<\/p>\t\t\t\t\t\t\t\t<\/div>\n\t\t\t\t<\/div>\n\t\t\t\t<\/div>\n\t\t\t\t<\/div>\n\t\t<div class=\"elementor-element elementor-element-8013572 e-grid e-con-boxed e-con e-parent\" data-id=\"8013572\" data-element_type=\"container\" data-e-type=\"container\">\n\t\t\t\t\t<div class=\"e-con-inner\">\n\t\t<div class=\"elementor-element elementor-element-645b2eb e-con-full e-flex e-con e-child\" data-id=\"645b2eb\" data-element_type=\"container\" data-e-type=\"container\">\n\t\t\t\t<div class=\"elementor-element elementor-element-69b09b6 elementor-widget elementor-widget-heading\" data-id=\"69b09b6\" data-element_type=\"widget\" data-e-type=\"widget\" data-widget_type=\"heading.default\">\n\t\t\t\t\t<h4 class=\"elementor-heading-title elementor-size-default\">Transparency<\/h4>\t\t\t\t<\/div>\n\t\t\t\t<div class=\"elementor-element elementor-element-314dc4b elementor-widget elementor-widget-text-editor\" data-id=\"314dc4b\" data-element_type=\"widget\" data-e-type=\"widget\" data-widget_type=\"text-editor.default\">\n\t\t\t\t\t\t\t\t\t<p>We believe that the fee and commission model should be clearly defined from the outset.<\/p>\t\t\t\t\t\t\t\t<\/div>\n\t\t\t\t<\/div>\n\t\t<div class=\"elementor-element elementor-element-37227e5 e-con-full e-flex e-con e-child\" data-id=\"37227e5\" data-element_type=\"container\" data-e-type=\"container\">\n\t\t\t\t<div class=\"elementor-element elementor-element-b1c0a2b elementor-widget elementor-widget-heading\" data-id=\"b1c0a2b\" data-element_type=\"widget\" data-e-type=\"widget\" data-widget_type=\"heading.default\">\n\t\t\t\t\t<h4 class=\"elementor-heading-title elementor-size-default\">Security<\/h4>\t\t\t\t<\/div>\n\t\t\t\t<div class=\"elementor-element elementor-element-1200669 elementor-widget elementor-widget-text-editor\" data-id=\"1200669\" data-element_type=\"widget\" data-e-type=\"widget\" data-widget_type=\"text-editor.default\">\n\t\t\t\t\t\t\t\t\t<p>We take the protection of shared business information, documents, and data seriously, and support confidentiality processes when necessary.<\/p>\t\t\t\t\t\t\t\t<\/div>\n\t\t\t\t<\/div>\n\t\t<div class=\"elementor-element elementor-element-99c1b0f e-con-full e-flex e-con e-child\" data-id=\"99c1b0f\" data-element_type=\"container\" data-e-type=\"container\">\n\t\t\t\t<div class=\"elementor-element elementor-element-fd956dc elementor-widget elementor-widget-heading\" data-id=\"fd956dc\" data-element_type=\"widget\" data-e-type=\"widget\" data-widget_type=\"heading.default\">\n\t\t\t\t\t<h4 class=\"elementor-heading-title elementor-size-default\">Impartiality<\/h4>\t\t\t\t<\/div>\n\t\t\t\t<div class=\"elementor-element elementor-element-4a67f5e elementor-widget elementor-widget-text-editor\" data-id=\"4a67f5e\" data-element_type=\"widget\" data-e-type=\"widget\" data-widget_type=\"text-editor.default\">\n\t\t\t\t\t\t\t\t\t<p>Without being a party to the sale, we focus on establishing the right match and ensuring the process runs efficiently.<\/p>\t\t\t\t\t\t\t\t<\/div>\n\t\t\t\t<\/div>\n\t\t<div class=\"elementor-element elementor-element-dfad738 e-con-full e-flex e-con e-child\" data-id=\"dfad738\" data-element_type=\"container\" data-e-type=\"container\">\n\t\t\t\t<div class=\"elementor-element elementor-element-4704c03 elementor-widget elementor-widget-heading\" data-id=\"4704c03\" data-element_type=\"widget\" data-e-type=\"widget\" data-widget_type=\"heading.default\">\n\t\t\t\t\t<h4 class=\"elementor-heading-title elementor-size-default\">Professional Approach<\/h4>\t\t\t\t<\/div>\n\t\t\t\t<div class=\"elementor-element elementor-element-d22b11b elementor-widget elementor-widget-text-editor\" data-id=\"d22b11b\" data-element_type=\"widget\" data-e-type=\"widget\" data-widget_type=\"text-editor.default\">\n\t\t\t\t\t\t\t\t\t<p>We evaluate each request based on commercial realities, production capacity, and suitable matching criteria.<\/p>\t\t\t\t\t\t\t\t<\/div>\n\t\t\t\t<\/div>\n\t\t\t\t\t<\/div>\n\t\t\t\t<\/div>\n\t\t\t\t<\/div>","protected":false},"excerpt":{"rendered":"<p>2015 y\u0131l\u0131ndan bu yana ayn\u0131 adreste faaliyet g\u00f6stermeye devam eden kurumsal yap\u0131m\u0131z, g\u00fcvenilirlik ve istikrar anlay\u0131\u015f\u0131m\u0131z\u0131n somut g\u00f6stergesidir. Cantay Global, T\u00fcrkiye merkezli bir ticari arac\u0131l\u0131k ve e\u015fle\u015ftirme giri\u015fimidir. Amac\u0131m\u0131z, \u00fcretici ve al\u0131c\u0131 taraf\u0131n\u0131 g\u00fcvenilir, \u015feffaf ve sonu\u00e7 odakl\u0131 bir modelle bir araya getirerek ticari s\u00fcreci h\u0131zland\u0131rmakt\u0131r. \u015eirketimizin temeli, 2015 y\u0131l\u0131ndan bu yana ayn\u0131 adreste s\u00fcrd\u00fcr\u00fclen [&hellip;]<\/p>\n","protected":false},"author":1,"featured_media":0,"parent":0,"menu_order":0,"comment_status":"closed","ping_status":"closed","template":"","meta":{"_gspb_post_css":"","footnotes":""},"class_list":["post-1001","page","type-page","status-publish","hentry"],"blocksy_meta":{"has_hero_section":"disabled","vertical_spacing_source":"custom","content_area_spacing":"none","styles_descriptor":{"styles":{"desktop":"","tablet":"","mobile":""},"google_fonts":[],"version":6}},"_links":{"self":[{"href":"https:\/\/cantayglobal.com\/en\/wp-json\/wp\/v2\/pages\/1001","targetHints":{"allow":["GET"]}}],"collection":[{"href":"https:\/\/cantayglobal.com\/en\/wp-json\/wp\/v2\/pages"}],"about":[{"href":"https:\/\/cantayglobal.com\/en\/wp-json\/wp\/v2\/types\/page"}],"author":[{"embeddable":true,"href":"https:\/\/cantayglobal.com\/en\/wp-json\/wp\/v2\/users\/1"}],"replies":[{"embeddable":true,"href":"https:\/\/cantayglobal.com\/en\/wp-json\/wp\/v2\/comments?post=1001"}],"version-history":[{"count":43,"href":"https:\/\/cantayglobal.com\/en\/wp-json\/wp\/v2\/pages\/1001\/revisions"}],"predecessor-version":[{"id":1222,"href":"https:\/\/cantayglobal.com\/en\/wp-json\/wp\/v2\/pages\/1001\/revisions\/1222"}],"wp:attachment":[{"href":"https:\/\/cantayglobal.com\/en\/wp-json\/wp\/v2\/media?parent=1001"}],"curies":[{"name":"wp","href":"https:\/\/api.w.org\/{rel}","templated":true}]}}